{"id":22114,"date":"2025-02-13T17:38:08","date_gmt":"2025-02-13T16:38:08","guid":{"rendered":"https:\/\/cherryandreal.ch\/demace-immobilier\/data-protection\/"},"modified":"2025-02-13T17:38:08","modified_gmt":"2025-02-13T16:38:08","slug":"data-protection","status":"publish","type":"page","link":"https:\/\/demace-immobilier.ch\/en\/data-protection\/","title":{"rendered":"Data protection"},"content":{"rendered":"\t\t<div data-elementor-type=\"wp-page\" data-elementor-id=\"22114\" class=\"elementor elementor-22114 elementor-19696\" data-elementor-post-type=\"page\">\n\t\t\t\t\t\t<section class=\"elementor-section elementor-top-section elementor-element elementor-element-7f58e480 elementor-section-boxed elementor-section-height-default elementor-section-height-default\" data-id=\"7f58e480\" data-element_type=\"section\" data-e-type=\"section\">\n\t\t\t\t\t\t<div class=\"elementor-container elementor-column-gap-default\">\n\t\t\t\t\t<div class=\"elementor-column elementor-col-100 elementor-top-column elementor-element elementor-element-1e8837c4\" data-id=\"1e8837c4\" data-element_type=\"column\" data-e-type=\"column\">\n\t\t\t<div class=\"elementor-widget-wrap elementor-element-populated\">\n\t\t\t\t\t\t<div class=\"elementor-element elementor-element-f861208 elementor-widget elementor-widget-text-editor\" data-id=\"f861208\" data-element_type=\"widget\" data-e-type=\"widget\" data-widget_type=\"text-editor.default\">\n\t\t\t\t<div class=\"elementor-widget-container\">\n\t\t\t\t\t\t\t\t\t<h2>Politique de confidentialit\u00e9<\/h2><p>1. DEMACE IMMOBILIER respecte votre vie priv\u00e9e et traite vos donn\u00e9es conform\u00e9ment \u00e0 la Loi f\u00e9d\u00e9rale sur la Protection des Donn\u00e9es (LPD).<\/p><p>2. La confidentialit\u00e9 fait partie de nos priorit\u00e9s et nous sommes conscients de notre responsabilit\u00e9 quand nous traitons vos donn\u00e9es personnelles. La pr\u00e9sente politique de confidentialit\u00e9 vous informe de la fa\u00e7on dont nous traitons vos donn\u00e9es personnelles transmises par le biais de notre site internet, par courriel, par t\u00e9l\u00e9phone, par courrier postal ainsi que par les r\u00e9seaux sociaux.<\/p><p>3. En aucun cas vos donn\u00e9es personnelles ne sont transmises \u00e0 des tiers. Si nous devions \u00eatre amen\u00e9s \u00e0 le faire, nous vous assurons que ce serait uniquement dans le cadre de l\u2019exercice de notre travail et r\u00e9pondre ainsi aux buts pour lesquels ces donn\u00e9es sont collect\u00e9es.<\/p><p><em>4. Pendant combien de temps conservons-nous vos donn\u00e9es personnelles ?<\/em><\/p><p>Nous conserverons vos donn\u00e9es personnelles jusqu\u2019\u00e0 ce qu\u2019elles ne soient plus n\u00e9cessaires \u00e0 l\u2019accomplissement \u00a0de nos services, sauf si une obligation l\u00e9gale nous oblige \u00e0 les conserver plus longtemps. Au cas par cas, cela d\u00e9pend de la nature des donn\u00e9es personnelles, de la raison de leur collecte et de leur traitement ainsi que des besoins de conservation l\u00e9gaux ou op\u00e9rationnels.<\/p><p>5. En tout temps, vous avez le droit de compl\u00e9ter, corriger ou de faire supprimer vos donn\u00e9es personnelles, en nous contactant.<\/p><p>6. La Politique et toutes questions en d\u00e9coulant ou li\u00e9es \u00e0 celle-ci, ainsi que l\u2019utilisation du site et des services, sont r\u00e9gies par le droit suisse. Toute r\u00e9clamation, pr\u00e9tention ou litige doit \u00eatre soumis aux juridictions comp\u00e9tentes de l\u2019agence DEMACE IMMOBILIER.<\/p><p>\u00a0<\/p><h2>Conditions g\u00e9n\u00e9rales d\u2019utilisation (CGU)<\/h2><h3>Pr\u00e9ambule<\/h3><p>Le site est la propri\u00e9t\u00e9 de\u00a0:<\/p><div>DEMACE IMMOBILIER<\/div><div>CP 226<\/div><div>Chemin de la Cr\u00e9sentine 25F<\/div><div>1023 Crissier 1<\/div><div>Suisse<\/div><div>T\u00e9l. +41 21 535 00 20<\/div><p>\u00a0<\/p><h3>Acceptation des CGU<\/h3><p>En se connectant sur le site www.demace-immobilier.ch, chaque utilisateur du site, quelques soit son lieu de r\u00e9sidence ou d\u2019utilisation, reconnait et accepte les pr\u00e9sentes CGU.<\/p><h3>Protection des donn\u00e9es<\/h3><p>Les donn\u00e9es de ce site sont utilis\u00e9es \u00e0 la seule fin de fournir des prestations de service et ne sont pas transmises \u00e0 des tiers. Nous pr\u00e9levons et analysons des donn\u00e9es statistiques dans le but d\u2019optimiser notre offre et nos services.<\/p><h3>Contenu du site<\/h3><p>Les renseignements contenus dans ce site sont indicatifs et non contractuels; ils sont donn\u00e9s sans engagement et sous r\u00e9serve de modifications de vente ou de location entre-temps. Bien que l\u2019exactitude et l\u2019actualit\u00e9 de ces informations soient v\u00e9rifi\u00e9es, nous d\u00e9clinons toute responsabilit\u00e9 quant aux cons\u00e9quences que pourraient entra\u00eener leur utilisation. Nous d\u00e9clinons \u00e9galement toute responsabilit\u00e9 quant aux contenus des sites de tiers auxquels renvoient les liens qui se trouvent sur notre site et quant aux dommages qui pourraient r\u00e9sulter de l\u2019utilisation des dits liens. Nous ne garantissons pas la disponibilit\u00e9 de notre offre internet ni ne r\u00e9pondons des dommages qui pourraient r\u00e9sulter de l\u2019utilisation de nos offres en ligne.<\/p><h3>Droit d\u2019auteur<\/h3><p>Le contenu du pr\u00e9sent site est prot\u00e9g\u00e9 dans son int\u00e9gralit\u00e9 par le droit d\u2019auteur (tous droits r\u00e9serv\u00e9s). Sur le principe, il est permis de t\u00e9l\u00e9charger et d\u2019imprimer ledit contenu, mais l\u2019auteur en conserve toujours les droits de propri\u00e9t\u00e9. Toute transmission, reproduction, modification, connexion et utilisation du pr\u00e9sent site \u00e0 des fins publiques ou de commercialisation ne sont autoris\u00e9es qu\u2019avec notre consentement \u00e9crit pr\u00e9alable de l\u2019agence DEMACE IMMOBILIER.<\/p><p>Le non-respect des pr\u00e9sentes conditions d\u2019utilisation est passible de poursuites et de pr\u00e9tentions en dommages et int\u00e9r\u00eats.<\/p><h3>Contact<\/h3><p>Pour toute question ou information, veuillez nous contacter \u00e0 l\u2019aide des coordonn\u00e9es suivantes\u00a0:<\/p><div>DEMACE IMMOBILIER<\/div><div>CP 226<\/div><div>Chemin de la Cr\u00e9sentine 25F<\/div><div>1023 Crissier 1<\/div><div>Suisse<\/div><div>T\u00e9l.\u00a0: +41 21 535 00 20<\/div><div>Email\u00a0: info@demace-immobilier.ch<\/div><p>\u00a0<\/p><p>Derni\u00e8re mise \u00e0 jour de la politique de confidentialit\u00e9 et des CGU : 12 avril 2022<\/p>\t\t\t\t\t\t\t\t<\/div>\n\t\t\t\t<\/div>\n\t\t\t\t\t<\/div>\n\t\t<\/div>\n\t\t\t\t\t<\/div>\n\t\t<\/section>\n\t\t\t\t<\/div>\n\t\t","protected":false},"excerpt":{"rendered":"<p>Privacy policy 1. DEMACE IMMOBILIER respects your privacy and processes your data in accordance with the Swiss Federal Data Protection Act (DPA). 2. Your privacy is important to us and we are aware of our responsibility when processing your personal data. This privacy policy informs you about how we handle your personal data submitted via [&hellip;]<\/p>\n","protected":false},"author":1,"featured_media":0,"parent":0,"menu_order":0,"comment_status":"closed","ping_status":"closed","template":"template\/template-page.php","meta":{"content-type":"","footnotes":""},"class_list":["post-22114","page","type-page","status-publish","hentry"],"yoast_head":"<!-- This site is optimized with the Yoast SEO plugin v27.4 - https:\/\/yoast.com\/product\/yoast-seo-wordpress\/ -->\n<title>Data protection - Demace Immobilier<\/title>\n<meta name=\"robots\" content=\"index, follow, max-snippet:-1, max-image-preview:large, max-video-preview:-1\" \/>\n<link rel=\"canonical\" href=\"https:\/\/demace-immobilier.ch\/protection-des-donnees\/\" \/>\n<meta property=\"og:locale\" content=\"en_US\" \/>\n<meta property=\"og:type\" content=\"article\" \/>\n<meta property=\"og:title\" content=\"Data protection - Demace Immobilier\" \/>\n<meta property=\"og:description\" content=\"Privacy policy 1. DEMACE IMMOBILIER respects your privacy and processes your data in accordance with the Swiss Federal Data Protection Act (DPA). 2. Your privacy is important to us and we are aware of our responsibility when processing your personal data. This privacy policy informs you about how we handle your personal data submitted via [&hellip;]\" \/>\n<meta property=\"og:url\" content=\"https:\/\/demace-immobilier.ch\/protection-des-donnees\/\" \/>\n<meta property=\"og:site_name\" content=\"Demace Immobilier\" \/>\n<meta name=\"twitter:card\" content=\"summary_large_image\" \/>\n<meta name=\"twitter:label1\" content=\"Est. reading time\" \/>\n\t<meta name=\"twitter:data1\" content=\"3 minutes\" \/>\n<script type=\"application\/ld+json\" class=\"yoast-schema-graph\">{\"@context\":\"https:\\\/\\\/schema.org\",\"@graph\":[{\"@type\":\"WebPage\",\"@id\":\"https:\\\/\\\/demace-immobilier.ch\\\/protection-des-donnees\\\/\",\"url\":\"https:\\\/\\\/demace-immobilier.ch\\\/protection-des-donnees\\\/\",\"name\":\"Data protection - Demace Immobilier\",\"isPartOf\":{\"@id\":\"https:\\\/\\\/demace-immobilier.ch\\\/#website\"},\"datePublished\":\"2025-02-13T16:38:08+00:00\",\"breadcrumb\":{\"@id\":\"https:\\\/\\\/demace-immobilier.ch\\\/protection-des-donnees\\\/#breadcrumb\"},\"inLanguage\":\"en-US\",\"potentialAction\":[{\"@type\":\"ReadAction\",\"target\":[\"https:\\\/\\\/demace-immobilier.ch\\\/protection-des-donnees\\\/\"]}]},{\"@type\":\"BreadcrumbList\",\"@id\":\"https:\\\/\\\/demace-immobilier.ch\\\/protection-des-donnees\\\/#breadcrumb\",\"itemListElement\":[{\"@type\":\"ListItem\",\"position\":1,\"name\":\"Accueil\",\"item\":\"https:\\\/\\\/demace-immobilier.ch\\\/en\\\/\"},{\"@type\":\"ListItem\",\"position\":2,\"name\":\"Data protection\"}]},{\"@type\":\"WebSite\",\"@id\":\"https:\\\/\\\/demace-immobilier.ch\\\/#website\",\"url\":\"https:\\\/\\\/demace-immobilier.ch\\\/\",\"name\":\"Demace Immobilier\",\"description\":\"\",\"publisher\":{\"@id\":\"https:\\\/\\\/demace-immobilier.ch\\\/#organization\"},\"potentialAction\":[{\"@type\":\"SearchAction\",\"target\":{\"@type\":\"EntryPoint\",\"urlTemplate\":\"https:\\\/\\\/demace-immobilier.ch\\\/?s={search_term_string}\"},\"query-input\":{\"@type\":\"PropertyValueSpecification\",\"valueRequired\":true,\"valueName\":\"search_term_string\"}}],\"inLanguage\":\"en-US\"},{\"@type\":\"Organization\",\"@id\":\"https:\\\/\\\/demace-immobilier.ch\\\/#organization\",\"name\":\"Demace Immobilier\",\"url\":\"https:\\\/\\\/demace-immobilier.ch\\\/\",\"logo\":{\"@type\":\"ImageObject\",\"inLanguage\":\"en-US\",\"@id\":\"https:\\\/\\\/demace-immobilier.ch\\\/#\\\/schema\\\/logo\\\/image\\\/\",\"url\":\"https:\\\/\\\/demace-immobilier.ch\\\/wp-content\\\/uploads\\\/sites\\\/10\\\/2025\\\/02\\\/Logo-Demace-Immobilier.jpg\",\"contentUrl\":\"https:\\\/\\\/demace-immobilier.ch\\\/wp-content\\\/uploads\\\/sites\\\/10\\\/2025\\\/02\\\/Logo-Demace-Immobilier.jpg\",\"width\":500,\"height\":500,\"caption\":\"Demace Immobilier\"},\"image\":{\"@id\":\"https:\\\/\\\/demace-immobilier.ch\\\/#\\\/schema\\\/logo\\\/image\\\/\"}}]}<\/script>\n<!-- \/ Yoast SEO plugin. -->","yoast_head_json":{"title":"Data protection - Demace Immobilier","robots":{"index":"index","follow":"follow","max-snippet":"max-snippet:-1","max-image-preview":"max-image-preview:large","max-video-preview":"max-video-preview:-1"},"canonical":"https:\/\/demace-immobilier.ch\/protection-des-donnees\/","og_locale":"en_US","og_type":"article","og_title":"Data protection - Demace Immobilier","og_description":"Privacy policy 1. DEMACE IMMOBILIER respects your privacy and processes your data in accordance with the Swiss Federal Data Protection Act (DPA). 2. Your privacy is important to us and we are aware of our responsibility when processing your personal data. This privacy policy informs you about how we handle your personal data submitted via [&hellip;]","og_url":"https:\/\/demace-immobilier.ch\/protection-des-donnees\/","og_site_name":"Demace Immobilier","twitter_card":"summary_large_image","twitter_misc":{"Est. reading time":"3 minutes"},"schema":{"@context":"https:\/\/schema.org","@graph":[{"@type":"WebPage","@id":"https:\/\/demace-immobilier.ch\/protection-des-donnees\/","url":"https:\/\/demace-immobilier.ch\/protection-des-donnees\/","name":"Data protection - Demace Immobilier","isPartOf":{"@id":"https:\/\/demace-immobilier.ch\/#website"},"datePublished":"2025-02-13T16:38:08+00:00","breadcrumb":{"@id":"https:\/\/demace-immobilier.ch\/protection-des-donnees\/#breadcrumb"},"inLanguage":"en-US","potentialAction":[{"@type":"ReadAction","target":["https:\/\/demace-immobilier.ch\/protection-des-donnees\/"]}]},{"@type":"BreadcrumbList","@id":"https:\/\/demace-immobilier.ch\/protection-des-donnees\/#breadcrumb","itemListElement":[{"@type":"ListItem","position":1,"name":"Accueil","item":"https:\/\/demace-immobilier.ch\/en\/"},{"@type":"ListItem","position":2,"name":"Data protection"}]},{"@type":"WebSite","@id":"https:\/\/demace-immobilier.ch\/#website","url":"https:\/\/demace-immobilier.ch\/","name":"Demace Immobilier","description":"","publisher":{"@id":"https:\/\/demace-immobilier.ch\/#organization"},"potentialAction":[{"@type":"SearchAction","target":{"@type":"EntryPoint","urlTemplate":"https:\/\/demace-immobilier.ch\/?s={search_term_string}"},"query-input":{"@type":"PropertyValueSpecification","valueRequired":true,"valueName":"search_term_string"}}],"inLanguage":"en-US"},{"@type":"Organization","@id":"https:\/\/demace-immobilier.ch\/#organization","name":"Demace Immobilier","url":"https:\/\/demace-immobilier.ch\/","logo":{"@type":"ImageObject","inLanguage":"en-US","@id":"https:\/\/demace-immobilier.ch\/#\/schema\/logo\/image\/","url":"https:\/\/demace-immobilier.ch\/wp-content\/uploads\/sites\/10\/2025\/02\/Logo-Demace-Immobilier.jpg","contentUrl":"https:\/\/demace-immobilier.ch\/wp-content\/uploads\/sites\/10\/2025\/02\/Logo-Demace-Immobilier.jpg","width":500,"height":500,"caption":"Demace Immobilier"},"image":{"@id":"https:\/\/demace-immobilier.ch\/#\/schema\/logo\/image\/"}}]}},"_links":{"self":[{"href":"https:\/\/demace-immobilier.ch\/en\/wp-json\/wp\/v2\/pages\/22114","targetHints":{"allow":["GET"]}}],"collection":[{"href":"https:\/\/demace-immobilier.ch\/en\/wp-json\/wp\/v2\/pages"}],"about":[{"href":"https:\/\/demace-immobilier.ch\/en\/wp-json\/wp\/v2\/types\/page"}],"author":[{"embeddable":true,"href":"https:\/\/demace-immobilier.ch\/en\/wp-json\/wp\/v2\/users\/1"}],"replies":[{"embeddable":true,"href":"https:\/\/demace-immobilier.ch\/en\/wp-json\/wp\/v2\/comments?post=22114"}],"version-history":[{"count":0,"href":"https:\/\/demace-immobilier.ch\/en\/wp-json\/wp\/v2\/pages\/22114\/revisions"}],"wp:attachment":[{"href":"https:\/\/demace-immobilier.ch\/en\/wp-json\/wp\/v2\/media?parent=22114"}],"curies":[{"name":"wp","href":"https:\/\/api.w.org\/{rel}","templated":true}]}}